{"id":7,"date":"2017-04-11T18:22:41","date_gmt":"2017-04-11T16:22:41","guid":{"rendered":"http:\/\/info-regenwasser.de\/\/?page_id=7"},"modified":"2025-05-23T09:52:03","modified_gmt":"2025-05-23T07:52:03","slug":"impressum","status":"publish","type":"page","link":"https:\/\/info-regenwasser.de\/?page_id=7","title":{"rendered":"Impressum"},"content":{"rendered":"<h2><span style=\"font-size: 18pt;\">Impressum<\/span><\/h2>\n<p>&nbsp;<\/p>\n<p><span style=\"font-size: 10pt;\">Angaben gem\u00e4\u00df \u00a7 5 TMG:<\/span><\/p>\n<p> <span style=\"font-size: 10pt;\"> Verband Garten-, Landschafts- und Sportplatzbau Nordrhein-Westfalen e.V.<\/span><br \/>\n <span style=\"font-size: 10pt;\">Zum Steigerhaus 14<br \/>\n <\/span><span style=\"font-size: 10pt;\">46117 Oberhausen<\/span><\/p>\n<p>&nbsp;<\/p>\n<h3><span style=\"font-size: 14pt;\">Vertreten durch:<\/span><\/h3>\n<p>&nbsp;<\/p>\n<p><span style=\"font-size: 10pt;\">Josef Mennigmann, Pr\u00e4sident<\/span><\/p>\n<p><span style=\"font-size: 10pt;\">Christoph Lau, Gesch\u00e4ftsf\u00fchrer<\/span><\/p>\n<p><span style=\"font-size: 10pt;\">Verband Garten-, Landschafts- und Sportplatzbau NRW e.V.<\/span><br \/>\n <span style=\"font-size: 10pt;\"> AG Oberhausen VR 1654<\/span><\/p>\n<p><span style=\"font-size: 10pt;\">[ehemals:<\/span><\/p>\n<p><span style=\"font-size: 10pt;\">Verband Garten-, Landschafts- und Sportplatzbau Rheinland e.V.\u00a0<\/span><br \/>\n <span style=\"font-size: 10pt;\"> AG Oberhausen VR 1581<\/span><br \/>\n <span style=\"font-size: 10pt;\"> Eingetragen am 30.6.2003 gem\u00e4\u00df Satzung vom 8. Juli 1970<\/span><br \/>\n <span style=\"font-size: 10pt;\"> (- danach &#8211; mehrfach &#8211; zuletzt ge\u00e4ndert am 18.2.2003);<\/span><br \/>\n <span style=\"font-size: 10pt;\"> Verlegung des Sitzes von K\u00f6ln nach Oberhausen<\/span><\/p>\n<p><span style=\"font-size: 10pt;\">und<\/span><\/p>\n<p><span style=\"font-size: 10pt;\">Verband Garten-, Landschafts- und Sportplatzbau Westfalen-Lippe e.V.\u00a0<\/span><br \/>\n <span style=\"font-size: 10pt;\"> AG Oberhausen VR 1582<\/span><br \/>\n <span style=\"font-size: 10pt;\"> Eingetragen am 30.6.2003 gem\u00e4\u00df Satzung vom 18. Dezember 1972<\/span><br \/>\n <span style=\"font-size: 10pt;\"> (- danach &#8211; mehrfach &#8211; zuletzt ge\u00e4ndert am 18.2.2003);<\/span><br \/>\n <span style=\"font-size: 10pt;\"> Verlegung des Sitzes von Hamm nach Oberhausen]<\/span><\/p>\n<h3><span style=\"font-size: 10pt;\">\u00a0<\/span><\/h3>\n<h3><span style=\"font-size: 14pt;\">Kontakt:<\/span><\/h3>\n<p>&nbsp;<\/p>\n<p><span style=\"font-size: 10pt;\">Telefon: +49 (208) 84830-0<\/span><br \/>\n <span style=\"font-size: 10pt;\"><a href=\"mailto:info@galabau-nrw.de\">info@galabau-nrw.de<\/a><\/span><\/p>\n<div class=\"dottedSpacer\"><span style=\"font-size: 10pt;\">\u00a0<\/span><\/div>\n<h3><span style=\"font-size: 14pt;\">Gestaltung, technische Umsetzung und Betreuung:<\/span><\/h3>\n<p>&nbsp;<\/p>\n<p><span style=\"font-size: 10pt;\"><strong>TWT Group GmbH<br \/>\n <\/strong>Adlerstra\u00dfe 74 <br \/>\n <\/span><span style=\"font-size: 10pt;\">40211 D\u00fcsseldorf<\/span><\/p>\n<p> <span style=\"font-size: 10pt;\">Tel.: +49 (0) 211 601 601-0<\/span><br \/>\n <span style=\"font-size: 10pt;\">Fax: +49 (0) 211 601 601-19<\/span><br \/>\n <span style=\"font-size: 10pt;\">E-Mail:\u00a0<a href=\"mailto:welcome@twt.de\" data-auto-event-observed=\"true\">welcome@twt.de<br \/>\n <\/a><a href=\"http:\/\/www.twt.de\">www.twt.de\u00a0<\/a><\/span><\/p>\n<div class=\"dottedSpacer\">\u00a0<\/div>\n<h3><span style=\"font-size: 14pt;\">Bildnachweis:<\/span><\/h3>\n<p>&nbsp;<\/p>\n<p><span style=\"font-size: 10pt;\">Das auf dieser Website verwendete Bildmaterial stammt u. a. von den folgenden Urheberinnen\/Urhebern aus den folgenden Bildarchiven:<\/span><\/p>\n<p><span style=\"font-size: 10pt;\"><strong>shutterstock.com<\/strong><\/span><br \/>\n <span style=\"font-size: 10pt;\"> 323261750\u00a0| shutterstock.com<\/span><\/p>\n<p><span style=\"font-size: 10pt;\">430944925 | shutterstock.com<\/span><\/p>\n<p><span style=\"font-size: 10pt;\">433625311 | shutterstock.com<\/span><\/p>\n<p><span style=\"font-size: 10pt;\">579149137 | shutterstock.com<\/span><\/p>\n<p>&nbsp;<\/p>\n<h3><span style=\"font-size: 14pt;\">Haftungsausschluss:<\/span><\/h3>\n<p>&nbsp;<\/p>\n<p><span style=\"font-size: 10pt;\"><strong>Haftung f\u00fcr Inhalte<\/strong><\/span><br \/>\n <span style=\"font-size: 10pt;\"> Die Inhalte unserer Seiten wurden mit gr\u00f6\u00dfter Sorgfalt erstellt. F\u00fcr die Richtigkeit, Vollst\u00e4ndigkeit und Aktualit\u00e4t der Inhalte k\u00f6nnen wir jedoch keine Gew\u00e4hr \u00fcbernehmen. Als Diensteanbieter sind wir gem\u00e4\u00df \u00a7 7 Abs.1 TMG f\u00fcr eigene Inhalte auf diesen Seiten nach den allgemeinen Gesetzen verantwortlich. Nach \u00a7\u00a7 8 bis 10 TMG sind wir als Diensteanbieter jedoch nicht verpflichtet, \u00fcbermittelte oder gespeicherte fremde Informationen zu \u00fcberwachen oder nach Umst\u00e4nden zu forschen, die auf eine rechtswidrige T\u00e4tigkeit hinweisen. Verpflichtungen zur Entfernung oder Sperrung der Nutzung von Informationen nach den allgemeinen Gesetzen bleiben hiervon unber\u00fchrt. Eine diesbez\u00fcgliche Haftung ist jedoch erst ab dem Zeitpunkt der Kenntnis einer konkreten Rechtsverletzung m\u00f6glich. Bei Bekanntwerden von entsprechenden Rechtsverletzungen werden wir diese Inhalte umgehend entfernen.<\/span><\/p>\n<p><span style=\"font-size: 10pt;\"><strong>Haftung f\u00fcr Links<\/strong><\/span><br \/>\n <span style=\"font-size: 10pt;\"> Unser Angebot enth\u00e4lt Links zu externen Webseiten Dritter, auf deren Inhalte wir keinen Einfluss haben. Deshalb k\u00f6nnen wir f\u00fcr diese fremden Inhalte auch keine Gew\u00e4hr \u00fcbernehmen. F\u00fcr die Inhalte der verlinkten Seiten ist stets der jeweilige Anbieter oder Betreiber der Seiten verantwortlich. Die verlinkten Seiten wurden zum Zeitpunkt der Verlinkung auf m\u00f6gliche Rechtsverst\u00f6\u00dfe \u00fcberpr\u00fcft. Rechtswidrige Inhalte waren zum Zeitpunkt der Verlinkung nicht erkennbar. Eine permanente inhaltliche Kontrolle der verlinkten Seiten ist jedoch ohne konkrete Anhaltspunkte einer Rechtsverletzung nicht zumutbar. Bei Bekanntwerden von Rechtsverletzungen werden wir derartige Links umgehend entfernen.<\/span><\/p>\n<p><span style=\"font-size: 10pt;\"><strong>Urheberrecht<\/strong><\/span><br \/>\n <span style=\"font-size: 10pt;\"> Die durch die Seitenbetreiber erstellten Inhalte und Werke auf diesen Seiten unterliegen dem deutschen Urheberrecht. Die Vervielf\u00e4ltigung, Bearbeitung, Verbreitung und jede Art der Verwertung au\u00dferhalb der Grenzen des Urheberrechtes bed\u00fcrfen der schriftlichen Zustimmung des jeweiligen Autors bzw. Erstellers. Downloads und Kopien dieser Seite sind nur f\u00fcr den privaten, nicht kommerziellen Gebrauch gestattet. Soweit die Inhalte auf dieser Seite nicht vom Betreiber erstellt wurden, werden die Urheberrechte Dritter beachtet. Insbesondere werden Inhalte Dritter als solche gekennzeichnet. Sollten Sie trotzdem auf eine Urheberrechtsverletzung aufmerksam werden, bitten wir um einen entsprechenden Hinweis. Bei Bekanntwerden von Rechtsverletzungen werden wir derartige Inhalte umgehend entfernen.<\/span><\/p>\n<p><span style=\"font-size: 10pt;\">Quelle: <a href=\"http:\/\/www.e-recht24.de\/impressum-generator.html\" target=\"_blank\" rel=\"noopener noreferrer\"><em>Impressumgenerator von eRecht24<\/em><\/a><\/span><\/p>\n","protected":false},"excerpt":{"rendered":"<p>Impressum &nbsp; Angaben gem\u00e4\u00df \u00a7 5 TMG: Verband Garten-, Landschafts- und Sportplatzbau Nordrhein-Westfalen e.V. Zum Steigerhaus 14 46117 Oberhausen &nbsp; Vertreten durch: &nbsp; Josef Mennigmann, Pr\u00e4sident Christoph Lau, Gesch\u00e4ftsf\u00fchrer Verband Garten-, Landschafts- und Sportplatzbau NRW e.V. AG Oberhausen VR 1654 [ehemals: Verband Garten-, Landschafts- und Sportplatzbau Rheinland e.V.\u00a0 AG Oberhausen VR 1581 Eingetragen am 30.6.2003 [&hellip;]<\/p>\n","protected":false},"author":1,"featured_media":0,"parent":0,"menu_order":0,"comment_status":"closed","ping_status":"closed","template":"static-page.php","meta":{"_acf_changed":false,"footnotes":""},"class_list":["post-7","page","type-page","status-publish","hentry"],"acf":[],"aioseo_notices":[],"_links":{"self":[{"href":"https:\/\/info-regenwasser.de\/index.php?rest_route=\/wp\/v2\/pages\/7","targetHints":{"allow":["GET"]}}],"collection":[{"href":"https:\/\/info-regenwasser.de\/index.php?rest_route=\/wp\/v2\/pages"}],"about":[{"href":"https:\/\/info-regenwasser.de\/index.php?rest_route=\/wp\/v2\/types\/page"}],"author":[{"embeddable":true,"href":"https:\/\/info-regenwasser.de\/index.php?rest_route=\/wp\/v2\/users\/1"}],"replies":[{"embeddable":true,"href":"https:\/\/info-regenwasser.de\/index.php?rest_route=%2Fwp%2Fv2%2Fcomments&post=7"}],"version-history":[{"count":15,"href":"https:\/\/info-regenwasser.de\/index.php?rest_route=\/wp\/v2\/pages\/7\/revisions"}],"predecessor-version":[{"id":209,"href":"https:\/\/info-regenwasser.de\/index.php?rest_route=\/wp\/v2\/pages\/7\/revisions\/209"}],"wp:attachment":[{"href":"https:\/\/info-regenwasser.de\/index.php?rest_route=%2Fwp%2Fv2%2Fmedia&parent=7"}],"curies":[{"name":"wp","href":"https:\/\/api.w.org\/{rel}","templated":true}]}}